{"id":337,"date":"2021-08-14T23:02:44","date_gmt":"2021-08-15T02:02:44","guid":{"rendered":"https:\/\/demo.laboratorioripoll.com\/?post_type=product&#038;p=337"},"modified":"2021-08-26T19:26:06","modified_gmt":"2021-08-26T22:26:06","slug":"furazoll","status":"publish","type":"product","link":"https:\/\/demo.laboratorioripoll.com\/en\/product\/furazoll\/","title":{"rendered":"FURAZOLL"},"content":{"rendered":"<p><strong>PROPIEDADES<br \/>\n<\/strong><strong>furazoll<\/strong>\u00a0es una crema de acci\u00f3n antibacteriana,cicatrizante y antiinflamatoria que contiene Nitrofurazona y Dimetilsulf\u00f3xido (DMSO).<br \/>\nLa Nitrofurazona es un quimioter\u00e1pico antibacteriano de uso t\u00f3pico con acci\u00f3n a nivel de la pared celular. Act\u00faa tanto sobre bacterias gram positivas como gram negativas y favorece la cicatrizaci\u00f3n en heridas, quemaduras, \u00falceras y otras lesiones d\u00e9rmicas.<br \/>\nEl Dimetilsulf\u00f3xido (DMSO) es un compuesto org\u00e1nico que posee la propiedad (entre muchas otras) de atravesar r\u00e1pidamente la epidermis y las membranas celulares. Tambi\u00e9n tiene la cualidad de captar radicales libres presentes en todo proceso inflamatorio. Produce analgesia y antiinflamaci\u00f3n, y ayuda a la cicatrizaci\u00f3n del tejido.<\/p>\n<p><strong>INDICACIONES<br \/>\n<\/strong>Heridas, \u00falceras, quemaduras, for\u00fanculos y otras infecciones cut\u00e1neas. Como antiinflamatorio en traumatismos, tendinitis, contusiones, esfuerzos y vejigas de patas y manos.<\/p>\n<p><strong>ADMINISTRACI\u00d3N Y DOSIS<br \/>\n<\/strong>Uso t\u00f3pico.<br \/>\nAplicar de 1 a 3 veces diarias, cubriendo la zona tratada.<br \/>\nSe puede masajear o aplicar utilizando ap\u00f3sitos de gasa seg\u00fan la entidad o tipo de lesi\u00f3n.<br \/>\nEn inflamaciones se puede masajear o aplicar con algod\u00f3n, nylon y\/o vendajes. Se recomienda usar guantes.<\/p>\n<p><strong>PRESENTATION<br \/>\n<\/strong>Pomos 120 g y 250 g<br \/>\nPotes 500 g y 1000 g<\/p>","protected":false},"excerpt":{"rendered":"<table>\n<tbody>\n<tr>\n<td><strong>COMPOSITION<\/strong><\/td>\n<td><\/td>\n<\/tr>\n<tr>\n<td>Nitrofurazona<\/td>\n<td>220 mg<\/td>\n<\/tr>\n<tr>\n<td>Dimetilsulf\u00f3xido<\/td>\n<td>20 g<\/td>\n<\/tr>\n<tr>\n<td>Excipients q.s.<\/td>\n<td>100 g<\/td>\n<\/tr>\n<\/tbody>\n<\/table>\n<h5 class=\"text-capitalize\"><\/h5>","protected":false},"featured_media":502,"template":"","meta":[],"product_cat":[20,32,21,35],"product_tag":[],"class_list":["post-337","product","type-product","status-publish","has-post-thumbnail","hentry","product_cat-veterinaria","product_cat-analgesicos-antiinflamatorios","product_cat-antibioticos","product_cat-equinos"],"yoast_head":"<!-- This site is optimized with the Yoast SEO plugin v21.2 - https:\/\/yoast.com\/wordpress\/plugins\/seo\/ -->\n<title>FURAZOLL - Laboratorio Ripoll<\/title>\n<meta name=\"robots\" content=\"noindex, follow, max-snippet:-1, max-image-preview:large, max-video-preview:-1\" \/>\n<meta property=\"og:locale\" content=\"en_US\" \/>\n<meta property=\"og:type\" content=\"article\" \/>\n<meta property=\"og:title\" content=\"FURAZOLL - Laboratorio Ripoll\" \/>\n<meta property=\"og:description\" content=\"COMPOSICI\u00d3N    Nitrofurazona 220 mg   Dimetilsulf\u00f3xido 20 g   Excipientes c.s.p. 100 g\" \/>\n<meta property=\"og:url\" content=\"https:\/\/demo.laboratorioripoll.com\/en\/product\/furazoll\/\" \/>\n<meta property=\"og:site_name\" content=\"Laboratorio Ripoll\" \/>\n<meta property=\"article:modified_time\" content=\"2021-08-26T22:26:06+00:00\" \/>\n<meta property=\"og:image\" content=\"https:\/\/demo.laboratorioripoll.com\/wp-content\/uploads\/2021\/08\/Furazoll-100500.jpg\" \/>\n\t<meta property=\"og:image:width\" content=\"2100\" \/>\n\t<meta property=\"og:image:height\" content=\"2000\" \/>\n\t<meta property=\"og:image:type\" content=\"image\/jpeg\" \/>\n<meta name=\"twitter:card\" content=\"summary_large_image\" \/>\n<meta name=\"twitter:label1\" content=\"Est. reading time\" \/>\n\t<meta name=\"twitter:data1\" content=\"1 minute\" \/>\n<script type=\"application\/ld+json\" class=\"yoast-schema-graph\">{\"@context\":\"https:\/\/schema.org\",\"@graph\":[{\"@type\":\"WebPage\",\"@id\":\"https:\/\/demo.laboratorioripoll.com\/product\/furazoll\/\",\"url\":\"https:\/\/demo.laboratorioripoll.com\/product\/furazoll\/\",\"name\":\"FURAZOLL - Laboratorio Ripoll\",\"isPartOf\":{\"@id\":\"https:\/\/demo.laboratorioripoll.com\/#website\"},\"datePublished\":\"2021-08-15T02:02:44+00:00\",\"dateModified\":\"2021-08-26T22:26:06+00:00\",\"breadcrumb\":{\"@id\":\"https:\/\/demo.laboratorioripoll.com\/product\/furazoll\/#breadcrumb\"},\"inLanguage\":\"en-US\",\"potentialAction\":[{\"@type\":\"ReadAction\",\"target\":[\"https:\/\/demo.laboratorioripoll.com\/product\/furazoll\/\"]}]},{\"@type\":\"BreadcrumbList\",\"@id\":\"https:\/\/demo.laboratorioripoll.com\/product\/furazoll\/#breadcrumb\",\"itemListElement\":[{\"@type\":\"ListItem\",\"position\":1,\"name\":\"Inicio\",\"item\":\"https:\/\/demo.laboratorioripoll.com\/\"},{\"@type\":\"ListItem\",\"position\":2,\"name\":\"Cat\u00e1logo\",\"item\":\"https:\/\/demo.laboratorioripoll.com\/catalogo\/\"},{\"@type\":\"ListItem\",\"position\":3,\"name\":\"Veterinaria\",\"item\":\"https:\/\/demo.laboratorioripoll.com\/product-category\/veterinaria\/\"},{\"@type\":\"ListItem\",\"position\":4,\"name\":\"Antibi\u00f3ticos\",\"item\":\"https:\/\/demo.laboratorioripoll.com\/product-category\/veterinaria\/antibioticos\/\"},{\"@type\":\"ListItem\",\"position\":5,\"name\":\"FURAZOLL\"}]},{\"@type\":\"WebSite\",\"@id\":\"https:\/\/demo.laboratorioripoll.com\/#website\",\"url\":\"https:\/\/demo.laboratorioripoll.com\/\",\"name\":\"Laboratorio Ripoll\",\"description\":\"\",\"publisher\":{\"@id\":\"https:\/\/demo.laboratorioripoll.com\/#organization\"},\"potentialAction\":[{\"@type\":\"SearchAction\",\"target\":{\"@type\":\"EntryPoint\",\"urlTemplate\":\"https:\/\/demo.laboratorioripoll.com\/?s={search_term_string}\"},\"query-input\":\"required name=search_term_string\"}],\"inLanguage\":\"en-US\"},{\"@type\":\"Organization\",\"@id\":\"https:\/\/demo.laboratorioripoll.com\/#organization\",\"name\":\"Laboratorio Ripoll\",\"url\":\"https:\/\/demo.laboratorioripoll.com\/\",\"logo\":{\"@type\":\"ImageObject\",\"inLanguage\":\"en-US\",\"@id\":\"https:\/\/demo.laboratorioripoll.com\/#\/schema\/logo\/image\/\",\"url\":\"https:\/\/demo.laboratorioripoll.com\/wp-content\/uploads\/2021\/08\/Ripoll-Logo.svg\",\"contentUrl\":\"https:\/\/demo.laboratorioripoll.com\/wp-content\/uploads\/2021\/08\/Ripoll-Logo.svg\",\"width\":1,\"height\":1,\"caption\":\"Laboratorio Ripoll\"},\"image\":{\"@id\":\"https:\/\/demo.laboratorioripoll.com\/#\/schema\/logo\/image\/\"}}]}<\/script>\n<!-- \/ Yoast SEO plugin. -->","yoast_head_json":{"title":"FURAZOLL - Laboratorio Ripoll","robots":{"index":"noindex","follow":"follow","max-snippet":"max-snippet:-1","max-image-preview":"max-image-preview:large","max-video-preview":"max-video-preview:-1"},"og_locale":"en_US","og_type":"article","og_title":"FURAZOLL - Laboratorio Ripoll","og_description":"COMPOSICI\u00d3N    Nitrofurazona 220 mg   Dimetilsulf\u00f3xido 20 g   Excipientes c.s.p. 100 g","og_url":"https:\/\/demo.laboratorioripoll.com\/en\/product\/furazoll\/","og_site_name":"Laboratorio Ripoll","article_modified_time":"2021-08-26T22:26:06+00:00","og_image":[{"width":2100,"height":2000,"url":"https:\/\/demo.laboratorioripoll.com\/wp-content\/uploads\/2021\/08\/Furazoll-100500.jpg","type":"image\/jpeg"}],"twitter_card":"summary_large_image","twitter_misc":{"Est. reading time":"1 minute"},"schema":{"@context":"https:\/\/schema.org","@graph":[{"@type":"WebPage","@id":"https:\/\/demo.laboratorioripoll.com\/product\/furazoll\/","url":"https:\/\/demo.laboratorioripoll.com\/product\/furazoll\/","name":"FURAZOLL - Laboratorio Ripoll","isPartOf":{"@id":"https:\/\/demo.laboratorioripoll.com\/#website"},"datePublished":"2021-08-15T02:02:44+00:00","dateModified":"2021-08-26T22:26:06+00:00","breadcrumb":{"@id":"https:\/\/demo.laboratorioripoll.com\/product\/furazoll\/#breadcrumb"},"inLanguage":"en-US","potentialAction":[{"@type":"ReadAction","target":["https:\/\/demo.laboratorioripoll.com\/product\/furazoll\/"]}]},{"@type":"BreadcrumbList","@id":"https:\/\/demo.laboratorioripoll.com\/product\/furazoll\/#breadcrumb","itemListElement":[{"@type":"ListItem","position":1,"name":"Inicio","item":"https:\/\/demo.laboratorioripoll.com\/"},{"@type":"ListItem","position":2,"name":"Cat\u00e1logo","item":"https:\/\/demo.laboratorioripoll.com\/catalogo\/"},{"@type":"ListItem","position":3,"name":"Veterinaria","item":"https:\/\/demo.laboratorioripoll.com\/product-category\/veterinaria\/"},{"@type":"ListItem","position":4,"name":"Antibi\u00f3ticos","item":"https:\/\/demo.laboratorioripoll.com\/product-category\/veterinaria\/antibioticos\/"},{"@type":"ListItem","position":5,"name":"FURAZOLL"}]},{"@type":"WebSite","@id":"https:\/\/demo.laboratorioripoll.com\/#website","url":"https:\/\/demo.laboratorioripoll.com\/","name":"Laboratorio Ripoll","description":"","publisher":{"@id":"https:\/\/demo.laboratorioripoll.com\/#organization"},"potentialAction":[{"@type":"SearchAction","target":{"@type":"EntryPoint","urlTemplate":"https:\/\/demo.laboratorioripoll.com\/?s={search_term_string}"},"query-input":"required name=search_term_string"}],"inLanguage":"en-US"},{"@type":"Organization","@id":"https:\/\/demo.laboratorioripoll.com\/#organization","name":"Laboratorio Ripoll","url":"https:\/\/demo.laboratorioripoll.com\/","logo":{"@type":"ImageObject","inLanguage":"en-US","@id":"https:\/\/demo.laboratorioripoll.com\/#\/schema\/logo\/image\/","url":"https:\/\/demo.laboratorioripoll.com\/wp-content\/uploads\/2021\/08\/Ripoll-Logo.svg","contentUrl":"https:\/\/demo.laboratorioripoll.com\/wp-content\/uploads\/2021\/08\/Ripoll-Logo.svg","width":1,"height":1,"caption":"Laboratorio Ripoll"},"image":{"@id":"https:\/\/demo.laboratorioripoll.com\/#\/schema\/logo\/image\/"}}]}},"_links":{"self":[{"href":"https:\/\/demo.laboratorioripoll.com\/en\/wp-json\/wp\/v2\/product\/337","targetHints":{"allow":["GET"]}}],"collection":[{"href":"https:\/\/demo.laboratorioripoll.com\/en\/wp-json\/wp\/v2\/product"}],"about":[{"href":"https:\/\/demo.laboratorioripoll.com\/en\/wp-json\/wp\/v2\/types\/product"}],"wp:featuredmedia":[{"embeddable":true,"href":"https:\/\/demo.laboratorioripoll.com\/en\/wp-json\/wp\/v2\/media\/502"}],"wp:attachment":[{"href":"https:\/\/demo.laboratorioripoll.com\/en\/wp-json\/wp\/v2\/media?parent=337"}],"wp:term":[{"taxonomy":"product_cat","embeddable":true,"href":"https:\/\/demo.laboratorioripoll.com\/en\/wp-json\/wp\/v2\/product_cat?post=337"},{"taxonomy":"product_tag","embeddable":true,"href":"https:\/\/demo.laboratorioripoll.com\/en\/wp-json\/wp\/v2\/product_tag?post=337"}],"curies":[{"name":"wp","href":"https:\/\/api.w.org\/{rel}","templated":true}]}}