{"id":344,"date":"2021-08-14T23:33:58","date_gmt":"2021-08-15T02:33:58","guid":{"rendered":"https:\/\/demo.laboratorioripoll.com\/?post_type=product&#038;p=344"},"modified":"2021-09-11T19:12:40","modified_gmt":"2021-09-11T22:12:40","slug":"tilmicosill","status":"publish","type":"product","link":"https:\/\/demo.laboratorioripoll.com\/en\/product\/tilmicosill\/","title":{"rendered":"TILMICOSILL"},"content":{"rendered":"<p><strong>PROPIEDADES E INDICACIONES<br \/>\n<\/strong>La Tilmicosina es un antibi\u00f3tico desarrollado para uso veterinario, que posee propiedades ant\u00edmicrobianas contra bacterias grampositivas y algunas gramnegativas.<br \/>\nIndicado para el tratamiento de patolog\u00edas respitarotias de los bovinos y ha demostrado ser activo frente a Pasteurella, Mannhemia, Hystophilus somni, Staphilococus y Mycoplasma bocino.<br \/>\nLa Tilmicosina es un antibi\u00f3tico macr\u00f3lido y como tal act\u00faa inhibiendo la s\u00edntesis proteica de los microorganismos sensibles y son generalmente bacteriost\u00e1ticos. Tambi\u00e9n pueden actuar como bactericidas, en altas concentraciones y frente a determinados organismos.<br \/>\nLa Tilmicosina est\u00e1 indicada en bovinos en casos de neumon\u00eda queratoconjuntivits infecciosa y podo dermatitis necr\u00f3sica (piet\u00edn).<\/p>\n<p><strong>CONTRAINDICACIONES Y ADVERTENCIAS<br \/>\n<\/strong><strong>tilomicosill\u00a0<\/strong>debe administrarse excluivamente por v\u00eda subcut\u00e1nea.<br \/>\nSe recomienda no inyectar m\u00e1s de 15 mL por punto de inoculaci\u00f3n.<br \/>\nUso excluisvo en bovinos, la administraci\u00f3n inyectable en otras especies podr\u00eda causar hasta la muerte del animal.<br \/>\nNo utilizar en terneros menores de 30 d\u00edas.<\/p>\n<p><strong>ADMINISTRACI\u00d3N Y DOSIS<br \/>\n<\/strong>Bovinos<br \/>\nNeumon\u00eda: 1 mL de tilmicosill cada 30 kpv via subcut\u00e1nea.<br \/>\nQueratoconjutivitis y Piet\u00edn: 1 mL cada 30 a 60 kpv v\u00eda subcut\u00e1nea.<br \/>\n1 mL de tilmicosill equivale a 300 mg de Tilmicosina.<br \/>\nGeneralmente es suficiente una \u00fanica dosis.<br \/>\nEl Veterinario tratante evaluar\u00e1 la posible repetici\u00f3n de dosis si fuese necesario. Esta no deber\u00eda producirse en un per\u00edodo inferior a 72 horas.<\/p>\n<p><strong>PRESENTATION<br \/>\n<\/strong><strong>tilmicosill<\/strong> se presenta en envases multidosis con capacidad para 100mL y 250 mL<\/p>","protected":false},"excerpt":{"rendered":"<table width=\"211\">\n<tbody>\n<tr>\n<td width=\"135\"><strong>COMPOSITION<\/strong><\/td>\n<td width=\"76\"><\/td>\n<\/tr>\n<tr>\n<td width=\"135\">Tilmicosina (como fosfato)<\/td>\n<td width=\"76\">30g<\/td>\n<\/tr>\n<tr>\n<td width=\"135\">Vehicle q.s.<\/td>\n<td width=\"76\">100mL<\/td>\n<\/tr>\n<\/tbody>\n<\/table>","protected":false},"featured_media":493,"template":"","meta":[],"product_cat":[20,21],"product_tag":[],"class_list":["post-344","product","type-product","status-publish","has-post-thumbnail","hentry","product_cat-veterinaria","product_cat-antibioticos"],"yoast_head":"<!-- This site is optimized with the Yoast SEO plugin v21.2 - https:\/\/yoast.com\/wordpress\/plugins\/seo\/ -->\n<title>TILMICOSILL - Laboratorio Ripoll<\/title>\n<meta name=\"robots\" content=\"noindex, follow, max-snippet:-1, max-image-preview:large, max-video-preview:-1\" \/>\n<meta property=\"og:locale\" content=\"en_US\" \/>\n<meta property=\"og:type\" content=\"article\" \/>\n<meta property=\"og:title\" content=\"TILMICOSILL - Laboratorio Ripoll\" \/>\n<meta property=\"og:description\" content=\"COMPOSICI\u00d3N    Tilmicosina (como fosfato) 30g   Veh\u00edculo c.s.p. 100mL\" \/>\n<meta property=\"og:url\" content=\"https:\/\/demo.laboratorioripoll.com\/en\/product\/tilmicosill\/\" \/>\n<meta property=\"og:site_name\" content=\"Laboratorio Ripoll\" \/>\n<meta property=\"article:modified_time\" content=\"2021-09-11T22:12:40+00:00\" \/>\n<meta property=\"og:image\" content=\"https:\/\/demo.laboratorioripoll.com\/wp-content\/uploads\/2021\/08\/Tilmicosill.jpg\" \/>\n\t<meta property=\"og:image:width\" content=\"2100\" \/>\n\t<meta property=\"og:image:height\" content=\"2000\" \/>\n\t<meta property=\"og:image:type\" content=\"image\/jpeg\" \/>\n<meta name=\"twitter:card\" content=\"summary_large_image\" \/>\n<meta name=\"twitter:label1\" content=\"Est. reading time\" \/>\n\t<meta name=\"twitter:data1\" content=\"1 minute\" \/>\n<script type=\"application\/ld+json\" class=\"yoast-schema-graph\">{\"@context\":\"https:\/\/schema.org\",\"@graph\":[{\"@type\":\"WebPage\",\"@id\":\"https:\/\/demo.laboratorioripoll.com\/product\/tilmicosill\/\",\"url\":\"https:\/\/demo.laboratorioripoll.com\/product\/tilmicosill\/\",\"name\":\"TILMICOSILL - Laboratorio Ripoll\",\"isPartOf\":{\"@id\":\"https:\/\/demo.laboratorioripoll.com\/#website\"},\"datePublished\":\"2021-08-15T02:33:58+00:00\",\"dateModified\":\"2021-09-11T22:12:40+00:00\",\"breadcrumb\":{\"@id\":\"https:\/\/demo.laboratorioripoll.com\/product\/tilmicosill\/#breadcrumb\"},\"inLanguage\":\"en-US\",\"potentialAction\":[{\"@type\":\"ReadAction\",\"target\":[\"https:\/\/demo.laboratorioripoll.com\/product\/tilmicosill\/\"]}]},{\"@type\":\"BreadcrumbList\",\"@id\":\"https:\/\/demo.laboratorioripoll.com\/product\/tilmicosill\/#breadcrumb\",\"itemListElement\":[{\"@type\":\"ListItem\",\"position\":1,\"name\":\"Inicio\",\"item\":\"https:\/\/demo.laboratorioripoll.com\/\"},{\"@type\":\"ListItem\",\"position\":2,\"name\":\"Cat\u00e1logo\",\"item\":\"https:\/\/demo.laboratorioripoll.com\/catalogo\/\"},{\"@type\":\"ListItem\",\"position\":3,\"name\":\"Veterinaria\",\"item\":\"https:\/\/demo.laboratorioripoll.com\/product-category\/veterinaria\/\"},{\"@type\":\"ListItem\",\"position\":4,\"name\":\"Antibi\u00f3ticos\",\"item\":\"https:\/\/demo.laboratorioripoll.com\/product-category\/veterinaria\/antibioticos\/\"},{\"@type\":\"ListItem\",\"position\":5,\"name\":\"TILMICOSILL\"}]},{\"@type\":\"WebSite\",\"@id\":\"https:\/\/demo.laboratorioripoll.com\/#website\",\"url\":\"https:\/\/demo.laboratorioripoll.com\/\",\"name\":\"Laboratorio Ripoll\",\"description\":\"\",\"publisher\":{\"@id\":\"https:\/\/demo.laboratorioripoll.com\/#organization\"},\"potentialAction\":[{\"@type\":\"SearchAction\",\"target\":{\"@type\":\"EntryPoint\",\"urlTemplate\":\"https:\/\/demo.laboratorioripoll.com\/?s={search_term_string}\"},\"query-input\":\"required name=search_term_string\"}],\"inLanguage\":\"en-US\"},{\"@type\":\"Organization\",\"@id\":\"https:\/\/demo.laboratorioripoll.com\/#organization\",\"name\":\"Laboratorio Ripoll\",\"url\":\"https:\/\/demo.laboratorioripoll.com\/\",\"logo\":{\"@type\":\"ImageObject\",\"inLanguage\":\"en-US\",\"@id\":\"https:\/\/demo.laboratorioripoll.com\/#\/schema\/logo\/image\/\",\"url\":\"https:\/\/demo.laboratorioripoll.com\/wp-content\/uploads\/2021\/08\/Ripoll-Logo.svg\",\"contentUrl\":\"https:\/\/demo.laboratorioripoll.com\/wp-content\/uploads\/2021\/08\/Ripoll-Logo.svg\",\"width\":1,\"height\":1,\"caption\":\"Laboratorio Ripoll\"},\"image\":{\"@id\":\"https:\/\/demo.laboratorioripoll.com\/#\/schema\/logo\/image\/\"}}]}<\/script>\n<!-- \/ Yoast SEO plugin. -->","yoast_head_json":{"title":"TILMICOSILL - Laboratorio Ripoll","robots":{"index":"noindex","follow":"follow","max-snippet":"max-snippet:-1","max-image-preview":"max-image-preview:large","max-video-preview":"max-video-preview:-1"},"og_locale":"en_US","og_type":"article","og_title":"TILMICOSILL - Laboratorio Ripoll","og_description":"COMPOSICI\u00d3N    Tilmicosina (como fosfato) 30g   Veh\u00edculo c.s.p. 100mL","og_url":"https:\/\/demo.laboratorioripoll.com\/en\/product\/tilmicosill\/","og_site_name":"Laboratorio Ripoll","article_modified_time":"2021-09-11T22:12:40+00:00","og_image":[{"width":2100,"height":2000,"url":"https:\/\/demo.laboratorioripoll.com\/wp-content\/uploads\/2021\/08\/Tilmicosill.jpg","type":"image\/jpeg"}],"twitter_card":"summary_large_image","twitter_misc":{"Est. reading time":"1 minute"},"schema":{"@context":"https:\/\/schema.org","@graph":[{"@type":"WebPage","@id":"https:\/\/demo.laboratorioripoll.com\/product\/tilmicosill\/","url":"https:\/\/demo.laboratorioripoll.com\/product\/tilmicosill\/","name":"TILMICOSILL - Laboratorio Ripoll","isPartOf":{"@id":"https:\/\/demo.laboratorioripoll.com\/#website"},"datePublished":"2021-08-15T02:33:58+00:00","dateModified":"2021-09-11T22:12:40+00:00","breadcrumb":{"@id":"https:\/\/demo.laboratorioripoll.com\/product\/tilmicosill\/#breadcrumb"},"inLanguage":"en-US","potentialAction":[{"@type":"ReadAction","target":["https:\/\/demo.laboratorioripoll.com\/product\/tilmicosill\/"]}]},{"@type":"BreadcrumbList","@id":"https:\/\/demo.laboratorioripoll.com\/product\/tilmicosill\/#breadcrumb","itemListElement":[{"@type":"ListItem","position":1,"name":"Inicio","item":"https:\/\/demo.laboratorioripoll.com\/"},{"@type":"ListItem","position":2,"name":"Cat\u00e1logo","item":"https:\/\/demo.laboratorioripoll.com\/catalogo\/"},{"@type":"ListItem","position":3,"name":"Veterinaria","item":"https:\/\/demo.laboratorioripoll.com\/product-category\/veterinaria\/"},{"@type":"ListItem","position":4,"name":"Antibi\u00f3ticos","item":"https:\/\/demo.laboratorioripoll.com\/product-category\/veterinaria\/antibioticos\/"},{"@type":"ListItem","position":5,"name":"TILMICOSILL"}]},{"@type":"WebSite","@id":"https:\/\/demo.laboratorioripoll.com\/#website","url":"https:\/\/demo.laboratorioripoll.com\/","name":"Laboratorio Ripoll","description":"","publisher":{"@id":"https:\/\/demo.laboratorioripoll.com\/#organization"},"potentialAction":[{"@type":"SearchAction","target":{"@type":"EntryPoint","urlTemplate":"https:\/\/demo.laboratorioripoll.com\/?s={search_term_string}"},"query-input":"required name=search_term_string"}],"inLanguage":"en-US"},{"@type":"Organization","@id":"https:\/\/demo.laboratorioripoll.com\/#organization","name":"Laboratorio Ripoll","url":"https:\/\/demo.laboratorioripoll.com\/","logo":{"@type":"ImageObject","inLanguage":"en-US","@id":"https:\/\/demo.laboratorioripoll.com\/#\/schema\/logo\/image\/","url":"https:\/\/demo.laboratorioripoll.com\/wp-content\/uploads\/2021\/08\/Ripoll-Logo.svg","contentUrl":"https:\/\/demo.laboratorioripoll.com\/wp-content\/uploads\/2021\/08\/Ripoll-Logo.svg","width":1,"height":1,"caption":"Laboratorio Ripoll"},"image":{"@id":"https:\/\/demo.laboratorioripoll.com\/#\/schema\/logo\/image\/"}}]}},"_links":{"self":[{"href":"https:\/\/demo.laboratorioripoll.com\/en\/wp-json\/wp\/v2\/product\/344","targetHints":{"allow":["GET"]}}],"collection":[{"href":"https:\/\/demo.laboratorioripoll.com\/en\/wp-json\/wp\/v2\/product"}],"about":[{"href":"https:\/\/demo.laboratorioripoll.com\/en\/wp-json\/wp\/v2\/types\/product"}],"wp:featuredmedia":[{"embeddable":true,"href":"https:\/\/demo.laboratorioripoll.com\/en\/wp-json\/wp\/v2\/media\/493"}],"wp:attachment":[{"href":"https:\/\/demo.laboratorioripoll.com\/en\/wp-json\/wp\/v2\/media?parent=344"}],"wp:term":[{"taxonomy":"product_cat","embeddable":true,"href":"https:\/\/demo.laboratorioripoll.com\/en\/wp-json\/wp\/v2\/product_cat?post=344"},{"taxonomy":"product_tag","embeddable":true,"href":"https:\/\/demo.laboratorioripoll.com\/en\/wp-json\/wp\/v2\/product_tag?post=344"}],"curies":[{"name":"wp","href":"https:\/\/api.w.org\/{rel}","templated":true}]}}